{"id":364,"date":"2017-10-11T18:58:27","date_gmt":"2017-10-11T16:58:27","guid":{"rendered":"http:\/\/www.evaluna.at\/?page_id=364"},"modified":"2018-06-24T07:54:09","modified_gmt":"2018-06-24T05:54:09","slug":"impressum","status":"publish","type":"page","link":"https:\/\/www.evaluna.at\/?page_id=364","title":{"rendered":"Impressum"},"content":{"rendered":"<p>F\u00fcr den Inhalt und Fotos verantwortlich:<\/p>\n<p>Evelin Habicher<br \/>\nAustr. 34<br \/>\n6063 Rum<\/p>\n<p>Mail: evelin.habicher@gmx.at<\/p>\n<p>www.wickel.biz<br \/>\nwww.calendula.at<\/p>\n<p><strong>Datenschutzerkl\u00e4rung<\/strong><\/p>\n<p>Der Schutz Ihrer pers\u00f6nlichen Daten ist mir ein besonderes Anliegen. Ich verarbeite Ihre Daten daher ausschlie\u00dflich auf Grundlage der gesetzlichen Bestimmungen (DSGVO, TKG 2003). In diesen Datenschutzinformationen informiere ich Sie \u00fcber die wichtigsten Aspekte der Datenverarbeitung im Rahmen meiner Website.&nbsp;<\/p>\n<p>Wenn Sie per E-Mail Kontakt mit mir aufnehmen, werden Ihre angegebenen Daten (Name, Mailadresse) zwecks Bearbeitung der Anfrage und f\u00fcr den Fall von Anschlussfragen bei mir gespeichert. Diese Daten werden von mir nicht weitergegeben.<\/p>\n<p>Zur Webanalyse wird eine Open Source Software der Firma Webalizer eingesetzt (<a href=\"http:\/\/www.webalizer.org\/\">http:\/\/www.webalizer.org\/<\/a>) Auch diese Daten werden nicht an Dritte weitergegeben.<\/p>\n<p><strong>Cookies<\/strong><\/p>\n<p>Meine Website verwendet so genannte Cookies. Dabei handelt es sich um kleine Textdateien, die mit Hilfe des Browsers auf Ihrem Endger\u00e4t abgelegt werden. Sie richten keinen Schaden an.<\/p>\n<p>Cookies werden von der Fa. WordPress, deren Programm ich zur Erstellung meiner Homepage nutze, eingesetzt. Das kann ich nicht beeinflussen. Einige Cookies bleiben auf Ihrem Endger\u00e4t gespeichert, bis Sie diese l\u00f6schen. Sie erm\u00f6glichen damit, Ihren Browser beim n\u00e4chsten Besuch wiederzuerkennen.<\/p>\n<p>Wenn Sie dies nicht w\u00fcnschen, so k\u00f6nnen Sie Ihren Browser so einrichten, dass er Sie \u00fcber das Setzen von Cookies informiert und Sie dies nur im Einzelfall erlauben.<\/p>\n<p>Bei der Deaktivierung von Cookies kann die Funktionalit\u00e4t der Website eingeschr\u00e4nkt sein.<\/p>\n<p><strong>Ihre Rechte<\/strong><\/p>\n<p>Ihnen stehen grunds\u00e4tzlich die Rechte auf Auskunft, Berichtigung, L\u00f6schung, Einschr\u00e4nkung, Daten\u00fcbertragbarkeit, Widerruf und Widerspruch zu. Wenn Sie glauben, dass die Verarbeitung Ihrer Daten gegen das Datenschutzrecht verst\u00f6\u00dft oder Ihre datenschutzrechtlichen Anspr\u00fcche sonst in einer Weise verletzt worden sind, k\u00f6nnen Sie sich bei der Aufsichtsbeh\u00f6rde beschweren. In \u00d6sterreich ist dies die Datenschutzbeh\u00f6rde.<\/p>\n","protected":false},"excerpt":{"rendered":"<p>F\u00fcr den Inhalt und Fotos verantwortlich: Evelin Habicher Austr. 34 6063 Rum Mail: evelin.habicher@gmx.at www.wickel.biz www.calendula.at Datenschutzerkl\u00e4rung Der Schutz Ihrer pers\u00f6nlichen Daten ist mir ein besonderes Anliegen. Ich verarbeite Ihre Daten daher ausschlie\u00dflich auf Grundlage der gesetzlichen Bestimmungen (DSGVO, TKG 2003). In diesen Datenschutzinformationen informiere ich Sie \u00fcber die wichtigsten Aspekte der Datenverarbeitung im Rahmen &hellip; <\/p>\n<p class=\"link-more\"><a href=\"https:\/\/www.evaluna.at\/?page_id=364\" class=\"more-link\"><span class=\"screen-reader-text\">\u201eImpressum\u201c<\/span> weiterlesen<\/a><\/p>\n","protected":false},"author":1,"featured_media":0,"parent":0,"menu_order":0,"comment_status":"closed","ping_status":"closed","template":"","meta":{"ngg_post_thumbnail":0,"footnotes":""},"class_list":["post-364","page","type-page","status-publish","hentry"],"_links":{"self":[{"href":"https:\/\/www.evaluna.at\/index.php?rest_route=\/wp\/v2\/pages\/364","targetHints":{"allow":["GET"]}}],"collection":[{"href":"https:\/\/www.evaluna.at\/index.php?rest_route=\/wp\/v2\/pages"}],"about":[{"href":"https:\/\/www.evaluna.at\/index.php?rest_route=\/wp\/v2\/types\/page"}],"author":[{"embeddable":true,"href":"https:\/\/www.evaluna.at\/index.php?rest_route=\/wp\/v2\/users\/1"}],"replies":[{"embeddable":true,"href":"https:\/\/www.evaluna.at\/index.php?rest_route=%2Fwp%2Fv2%2Fcomments&post=364"}],"version-history":[{"count":5,"href":"https:\/\/www.evaluna.at\/index.php?rest_route=\/wp\/v2\/pages\/364\/revisions"}],"predecessor-version":[{"id":372,"href":"https:\/\/www.evaluna.at\/index.php?rest_route=\/wp\/v2\/pages\/364\/revisions\/372"}],"wp:attachment":[{"href":"https:\/\/www.evaluna.at\/index.php?rest_route=%2Fwp%2Fv2%2Fmedia&parent=364"}],"curies":[{"name":"wp","href":"https:\/\/api.w.org\/{rel}","templated":true}]}}